{"id":146,"date":"2020-03-28T08:33:33","date_gmt":"2020-03-28T14:33:33","guid":{"rendered":"https:\/\/radio760online.com\/noticias\/?page_id=146"},"modified":"2020-03-28T08:48:30","modified_gmt":"2020-03-28T14:48:30","slug":"el-poder-de-la-oracion","status":"publish","type":"page","link":"https:\/\/radio760online.com\/noticias\/el-poder-de-la-oracion\/","title":{"rendered":"EL PODER DE LA ORACI\u00d3N"},"content":{"rendered":"\n<p><strong>El Poder de la Oraci\u00f3n &#8211; \u00bfCu\u00e1n poderosa es?<\/strong><\/p>\n\n\n\n<p class=\"has-text-align-left\"><br>El poder de la oraci\u00f3n no debe ser subestimado. Santiago 5:16-18 declara, \u201c&#8230;La oraci\u00f3n eficaz  del  justo puede mucho.     El\u00edas era hombre sujeto a pasiones  semejantes  a  las nuestras, y  or\u00f3  fervientemente  para que  no lloviera, y no llovi\u00f3 sobre la tierra por tres a\u00f1os y seis meses. Y otra vez or\u00f3, y el cielo dio  lluvia, y  la tierra  produjo su fruto.\u201d     Dios  definitivamente escucha las oraciones, responde a las oraciones y se mueve en respuesta a las oraciones.<\/p>\n\n\n\n<p>Jes\u00fas ense\u00f1\u00f3, \u201c&#8230;porque en verdad os digo, que si ten\u00e9is fe como un grano de mostaza, dir\u00e9is a este monte: P\u00e1sate de aqu\u00ed all\u00e1 y se pasar\u00e1; y nada os ser\u00e1  imposible.\u201d (Mateo 17:20).   2 Corintios  10:4-5  nos dice, \u201cporque  las armas de nuestra contienda no son carnales, sino poderosas en Dios para la destrucci\u00f3n de fortalezas; destruyendo especulaciones y todo razonamiento altivo  que  se  levanta   contra el   conocimiento de Dios, y  poniendo  todo  pensamiento  en cautiverio  a la obediencia a Cristo.\u201d      \u00abTomad tambi\u00e9n el YELMO DE LA SALVACION y la espada del esp\u00edritu que es la palabra de Dios. Con toda oraci\u00f3n y s\u00faplica orad  en todo tiempo  en el Esp\u00edritu,   y as\u00ed velad con toda perseverancia y s\u00faplica para todos los santos; y orad por m\u00ed, para que me sea dada palabra al abrir mi boca, a fin de dar a conocer sin temor el ministerio del evangelio\u201d (Efesios 6:17-19).<\/p>\n\n\n\n<p> <br>El poder de  la oraci\u00f3n no  es el  resultado de la persona orando.    Por el contrario, el poder reside en el Dios a qui\u00e9n oramos. 1 Juan 5:14-15 dice, \u201cY esta es la  confianza  que tenemos  delante de \u00c9l, que  si pedimos cualquier cosa conforme  a su  voluntad,  \u00c9l nos oye. Y si  sabemos que \u00c9l nos oye en cualquiera cosa que pidamos,  sabemos que  tenemos las peticiones que le hemos hecho.\u201d  Cuando  nuestros   deseos  se  alinean  con Su voluntad, lo entenderemos  en su momento.   Cuando oramos apasionadamente y con prop\u00f3sito, de acuerdo con la voluntad de Dios, \u00a1Dios responde poderosamente!.<\/p>\n\n\n\n<p><\/p>\n\n\n\n<p>No podemos llegar a la oraci\u00f3n poderosa usando \u201cf\u00f3rmulas m\u00e1gicas.\u201d La respuesta a nuestras oraciones no depende de la elocuencia de nuestras oraciones. No tenemos que usar ciertas palabras o frases para lograr que Dios conteste nuestras oraciones. De hecho, Jes\u00fas rechaza a aquellos que oran usando repeticiones, \u201cY al orar, no us\u00e9is repeticiones sin sentido, como los gentiles,  porque ellos  se imaginan  que  ser\u00e1n o\u00eddos por su palabrer\u00eda.  Por tanto, no os hag\u00e1is semejantes a ellos; pues vuestro Padre sabe de que necesit\u00e1is  antes  que vosotros le pid\u00e1is\u00bb   (Mateo 6:7-8). La oraci\u00f3n es una comunicaci\u00f3n con Dios. Todo lo que tienes  que hacer  es pedirle a Dios Su ayuda. El Salmo 107:28-30  \u201cEntonces en su angustia clamaron al SE\u00d1OR y El los sac\u00f3 de sus aflicciones.  Cambio la tempestad en calma y las olas del mar callaron\u201d  sin lugar a dudas \u00a1Hay poder en la oraci\u00f3n!.<\/p>\n\n\n\n<p>La Palabra  de Dios est\u00e1 llena  de relatos que describen el poder de la oraci\u00f3n en varias situaciones. El poder de la oraci\u00f3n ha vencido enemigos (Salmos 6:9-10),   conquistado  la muerte  (2 Reyes 4:8-37),  tra\u00eddo  sanidad (Santiago 5:14-15), y derrotado demonios (Marcos 9:29).  Dios, a trav\u00e9s de la oraci\u00f3n, abre ojos, cambia  corazones,  sana heridas, y  concede sabidur\u00eda (Santiago 1:5). <\/p>\n\n\n\n<p>\u00a1El poder de la oraci\u00f3n no debe ser subestimado ya que se sustenta de la gloria y  fuerza del  infinitamente  poderoso Dios  del universo! Daniel 4:35 proclama,  \u201cTodos los habitantes  de la tierra son considerados como nada; mas \u00c9l act\u00faa  conforme  su   voluntad  en el ej\u00e9rcito  del   cielo y  entre  los habitantes de la tierra, nadie puede detener su mano, ni decirle \u00bfQu\u00e9 has hecho?.<\/p>\n","protected":false},"excerpt":{"rendered":"<p>El Poder de la Oraci\u00f3n &#8211; \u00bfCu\u00e1n poderosa es? El poder de la oraci\u00f3n no debe ser subestimado. Santiago 5:16-18 declara, \u201c&#8230;La oraci\u00f3n eficaz del justo puede mucho. El\u00edas era hombre sujeto a pasiones semejantes a las nuestras, y or\u00f3 fervientemente para que no lloviera, y no llovi\u00f3 sobre la tierra por tres a\u00f1os y [&hellip;]<\/p>\n","protected":false},"author":1,"featured_media":0,"parent":0,"menu_order":0,"comment_status":"closed","ping_status":"closed","template":"","meta":{"footnotes":""},"_links":{"self":[{"href":"https:\/\/radio760online.com\/noticias\/wp-json\/wp\/v2\/pages\/146"}],"collection":[{"href":"https:\/\/radio760online.com\/noticias\/wp-json\/wp\/v2\/pages"}],"about":[{"href":"https:\/\/radio760online.com\/noticias\/wp-json\/wp\/v2\/types\/page"}],"author":[{"embeddable":true,"href":"https:\/\/radio760online.com\/noticias\/wp-json\/wp\/v2\/users\/1"}],"replies":[{"embeddable":true,"href":"https:\/\/radio760online.com\/noticias\/wp-json\/wp\/v2\/comments?post=146"}],"version-history":[{"count":4,"href":"https:\/\/radio760online.com\/noticias\/wp-json\/wp\/v2\/pages\/146\/revisions"}],"predecessor-version":[{"id":152,"href":"https:\/\/radio760online.com\/noticias\/wp-json\/wp\/v2\/pages\/146\/revisions\/152"}],"wp:attachment":[{"href":"https:\/\/radio760online.com\/noticias\/wp-json\/wp\/v2\/media?parent=146"}],"curies":[{"name":"wp","href":"https:\/\/api.w.org\/{rel}","templated":true}]}}