{"id":26,"date":"2020-03-24T19:40:02","date_gmt":"2020-03-25T01:40:02","guid":{"rendered":"https:\/\/radio760online.com\/noticias\/?page_id=26"},"modified":"2020-03-26T16:44:55","modified_gmt":"2020-03-26T22:44:55","slug":"la-gran-comision","status":"publish","type":"page","link":"https:\/\/radio760online.com\/noticias\/","title":{"rendered":"La Gran Comisi\u00f3n"},"content":{"rendered":"\n<p><strong>COMPRENDER LA HISTORIA&nbsp; B\u00c1SICA DE LA BIBLIA<\/strong><\/p>\n\n\n\n<p class=\"has-text-align-center\"> La gente est\u00e1 frustrada. Tal vez usted sea uno de ellos, el asunto es el siguiente. Encuentra usted una Biblia y ve un libro grande y grueso, con p\u00e1ginas finas y letra diminuta. Le han dicho que este es el libro m\u00e1s vendido de todos los tiempos y que miles (o, mejor dicho, millones) de personas han visto su vida cambiada o su matrimonio transformado por lo que est\u00e1 escrito en \u00e9l. Pero, por mucho que lo intente, \u00a1no le encuentra pies ni cabeza! Es posible que a otros les haya ayudado o consolado, pero a usted lo ha dejado perplejo. Por m\u00e1s que quiera entenderlo, nada tiene sentido. <\/p>\n\n\n\n<p class=\"has-text-align-center\"> \u00bfQu\u00e9 est\u00e1 mal? \u00bfQu\u00e9 le falta? Aunque usted es bastante inteligente y est\u00e1 dedicado a profundizar en la Palabra de Dios, \u00bfPor qu\u00e9 no puede entusiasmarse al respecto? <\/p>\n\n\n\n<p class=\"has-text-align-center\"> Si la biblia fuera una comida gourment, ciertamente usted estar\u00eda muri\u00e9ndose de hambre. De la misma manera en que usted debe saber c\u00f3mo est\u00e1 organizada la cocina si quiere aprender a cocinar, tiene que conocer la estructura de b\u00e1sica de la biblia y la nutrici\u00f3n de primera necesidad que esta proporciona. Tambi\u00e9n querr\u00e1 descubrir algunos de los sabores \u00fanicos que ofrece la Palabra de Dios. Eso es lo que trataremos de hacer en este cap\u00edtulo. Primero veremos c\u00f3mo est\u00e1 organizada la Biblia. Despu\u00e9s descubriremos por qu\u00e9 tenemos que tomarnos el tiempo para estudiarla y qu\u00e9 puede ense\u00f1arnos. Al desglosar las Escrituras en secciones m\u00e1s peque\u00f1as, sabremos mejor lo que Dios nos est\u00e1 diciendo. A lo largo del camino tambi\u00e9n comenzaremos a ver la coherencia, la importancia y la belleza del mensaje de Dios. As\u00ed que&#8230;.\u00a1empecemos!. <\/p>\n\n\n\n<figure class=\"wp-block-audio\"><audio controls src=\"https:\/\/radio760online.com\/noticias\/wp-content\/uploads\/2020\/03\/Ya-no-soy-esclavo-del-temor.mp3\"><\/audio><figcaption>Ya no soy esclavo<\/figcaption><\/figure>\n\n\n\n<figure class=\"wp-block-image size-large is-resized\"><img loading=\"lazy\" decoding=\"async\" src=\"https:\/\/radio760online.com\/noticias\/wp-content\/uploads\/2020\/03\/RADIO-IMAGEN-JERUSALEM.jpg\" alt=\"\" class=\"wp-image-117\" width=\"590\" height=\"333\"\/><figcaption>DIOS TE BENDIGA ISRAEL<\/figcaption><\/figure>\n\n\n\n<figure class=\"wp-block-embed-youtube wp-block-embed is-type-video is-provider-youtube wp-embed-aspect-16-9 wp-has-aspect-ratio\"><div class=\"wp-block-embed__wrapper\">\n<iframe loading=\"lazy\" title=\"Invitaci\u00f3n de Pastor H\u00e9ctor Nufio\" width=\"640\" height=\"360\" src=\"https:\/\/www.youtube.com\/embed\/7VklrKQOqdE?feature=oembed\" frameborder=\"0\" allow=\"accelerometer; autoplay; encrypted-media; gyroscope; picture-in-picture\" allowfullscreen><\/iframe>\n<\/div><figcaption>Pastor H\u00e9ctor Nufio<\/figcaption><\/figure>\n","protected":false},"excerpt":{"rendered":"<p>COMPRENDER LA HISTORIA&nbsp; B\u00c1SICA DE LA BIBLIA La gente est\u00e1 frustrada. Tal vez usted sea uno de ellos, el asunto es el siguiente. Encuentra usted una Biblia y ve un libro grande y grueso, con p\u00e1ginas finas y letra diminuta. Le han dicho que este es el libro m\u00e1s vendido de todos los tiempos y [&hellip;]<\/p>\n","protected":false},"author":1,"featured_media":0,"parent":0,"menu_order":0,"comment_status":"closed","ping_status":"closed","template":"","meta":{"footnotes":""},"_links":{"self":[{"href":"https:\/\/radio760online.com\/noticias\/wp-json\/wp\/v2\/pages\/26"}],"collection":[{"href":"https:\/\/radio760online.com\/noticias\/wp-json\/wp\/v2\/pages"}],"about":[{"href":"https:\/\/radio760online.com\/noticias\/wp-json\/wp\/v2\/types\/page"}],"author":[{"embeddable":true,"href":"https:\/\/radio760online.com\/noticias\/wp-json\/wp\/v2\/users\/1"}],"replies":[{"embeddable":true,"href":"https:\/\/radio760online.com\/noticias\/wp-json\/wp\/v2\/comments?post=26"}],"version-history":[{"count":13,"href":"https:\/\/radio760online.com\/noticias\/wp-json\/wp\/v2\/pages\/26\/revisions"}],"predecessor-version":[{"id":143,"href":"https:\/\/radio760online.com\/noticias\/wp-json\/wp\/v2\/pages\/26\/revisions\/143"}],"wp:attachment":[{"href":"https:\/\/radio760online.com\/noticias\/wp-json\/wp\/v2\/media?parent=26"}],"curies":[{"name":"wp","href":"https:\/\/api.w.org\/{rel}","templated":true}]}}