{"id":36,"date":"2020-03-24T21:28:21","date_gmt":"2020-03-25T03:28:21","guid":{"rendered":"https:\/\/radio760online.com\/noticias\/?page_id=36"},"modified":"2020-03-26T15:36:44","modified_gmt":"2020-03-26T21:36:44","slug":"escrito-2","status":"publish","type":"page","link":"https:\/\/radio760online.com\/noticias\/escrito-2\/","title":{"rendered":"\u00bfC\u00f3mo apoyamos?"},"content":{"rendered":"<p style=\"text-align: left;\">Creemos firmemente en el poder de la oraci\u00f3n.<\/p>\n<p class=\"has-text-align-center\" style=\"text-align: left;\">Creemos que Dios ha decidido en su soberan\u00eda hacer cosas solo por medio de la oraci\u00f3n de su pueblo.<\/p>\n<p class=\"has-text-align-center\" style=\"text-align: left;\">Ora\u00a0 por\u00a0 el\u00a0 ministerio\u00a0 y\u00a0 cada\u00a0 persona\u00a0 que\u00a0 est\u00e1 involucrada,\u00a0 para que nuestra\u00a0 relaci\u00f3n\u00a0 con\u00a0 Cristo\u00a0 sea\u00a0 lo\u00a0 primordial\u00a0 en\u00a0 nuestras\u00a0 vidas,\u00a0 que podamos\u00a0 servir\u00a0 con\u00a0 excelencia y pensar en c\u00f3mo podemos servir m\u00e1s a Dios a trav\u00e9s de este ministerio.<\/p>\n<p style=\"text-align: left;\">Desde sus inicios Radio 760 ha sido un ministerio que se sostiene por fe y ha avanzado\u00a0 por\u00a0 \u00a0la\u00a0 misericordia\u00a0 de\u00a0 Dios; este\u00a0 Ministerio\u00a0 \u00a0no acostumbra\u00a0 a pedir colectas\u00a0 ni tiene pauta comercial en su programaci\u00f3n; ya que nuestro \u00fanico objetivo es exaltar a Jesucristo y edificar a los hermanos en la fe.<\/p>\n<p style=\"text-align: left;\">El equipo humano que hace posible este Ministerio est\u00e1 conformado por un buen\u00a0 \u00a0n\u00famero\u00a0 de\u00a0 hermanos\u00a0 que\u00a0 trabajan\u00a0 ad honorem;\u00a0 sin\u00a0 embargo,\u00a0 es necesario cubrir gastos\u00a0 offline\u00a0 (agua, energ\u00eda el\u00e9ctrica, mantenimiento del transmisor ) as\u00ed como otros gastos que se generan por la transmisi\u00f3n online.<\/p>\n<p style=\"text-align: left;\">Las\u00a0 \u00e1reas\u00a0 de\u00a0 trabajo\u00a0 \u00a0que\u00a0 conforman\u00a0 \u00a0este\u00a0 Ministerio\u00a0 \u00a0son:\u00a0 producci\u00f3n, locuci\u00f3n, programaci\u00f3n,\u00a0 edici\u00f3n,\u00a0 video, dise\u00f1o, redes sociales, lo cual hace posible la transmisi\u00f3n en amplitud modulada (AM) lo cual permite servir a la poblaci\u00f3n guatemalteca y a trav\u00e9s de diferentes plataformas en la Web alrededor del mundo.<\/p>\n<p>\u00a0La\u00a0 Biblia\u00a0 dice\u00a0 en\u00a0 2a. Corintios 7:9\u00a0 \u00a0\u00abcada\u00a0 uno\u00a0 d\u00e9\u00a0 como\u00a0 propuso\u00a0 en\u00a0 su coraz\u00f3n, no con tristeza, ni por necesidad, porque Dios ama al dador alegre\u00bb por\u00a0 lo\u00a0 que\u00a0 si\u00a0 despu\u00e9s\u00a0 de conocer\u00a0 el\u00a0 qu\u00e9\u00a0 hacer de la Radio propones en tu\u00a0 coraz\u00f3n\u00a0 \u00a0aportar\u00a0 econ\u00f3micamente,\u00a0 \u00a0puedes\u00a0 hacerlo\u00a0 \u00a0sin\u00a0 importar\u00a0 la cantidad, para lo cual\u00a0 puedes considerar estas opciones:<\/p>\n<h3>Transferencia Bancaria o Dep\u00f3sitos a Cuenta<\/h3>\n<p><strong>BAC-Banco de America Central<\/strong><br \/>Cta. Monetaria a nombre de Iglesia de Cristo Elim Central, Guatemala.<\/p>\n<p>Cuenta No. 7 01 11 69 60\u00a0 \u00a0<strong>Transferencia Internacionales agregar:<\/strong>\u00a0 \u00a0SWIFT: AMCNGTGT\u00a0 \u00a0\u00a0<\/p>\n<p><!-- \/wp:paragraph --><\/p>\n\n<!-- wp:paragraph -->\n<p><strong>BANRURAL<\/strong><br>Cta. Monetaria a nombre de Iglesia de Cristo Elim Central, Guatemala.<\/p>\n<!-- \/wp:paragraph -->\n\n<!-- wp:paragraph -->\n<p>Cuenta No. 38 30 00 41 07\u00a0\u00a0<strong>Transferencia Internacionales agregar:<\/strong>\u00a0 \u00a0SWIFT: BRRLGTGC <\/p>\n<!-- \/wp:paragraph -->\n\n<p><strong>Nos gustar\u00eda saber de ti, por favor escribe a<\/strong> medios@radio760online.com\u00a0 \u00a0 o\u00a0 \u00a0rellena el siguiente formulario:\u00a0<\/p>\n<p><!-- \/wp:paragraph --><!-- wp:paragraph {\"align\":\"center\"} --><!--EndFragment--><\/p>\n<p><!-- wp:paragraph --><\/p>\n<p><\/p>","protected":false},"excerpt":{"rendered":"<p>Creemos firmemente en el poder de la oraci\u00f3n. Creemos que Dios ha decidido en su soberan\u00eda hacer cosas solo por medio de la oraci\u00f3n de su pueblo. Ora\u00a0 por\u00a0 el\u00a0 ministerio\u00a0 y\u00a0 cada\u00a0 persona\u00a0 que\u00a0 est\u00e1 involucrada,\u00a0 para que nuestra\u00a0 relaci\u00f3n\u00a0 con\u00a0 Cristo\u00a0 sea\u00a0 lo\u00a0 primordial\u00a0 en\u00a0 nuestras\u00a0 vidas,\u00a0 que podamos\u00a0 servir\u00a0 con\u00a0 excelencia y [&hellip;]<\/p>\n","protected":false},"author":1,"featured_media":0,"parent":0,"menu_order":0,"comment_status":"closed","ping_status":"closed","template":"","meta":{"footnotes":""},"_links":{"self":[{"href":"https:\/\/radio760online.com\/noticias\/wp-json\/wp\/v2\/pages\/36"}],"collection":[{"href":"https:\/\/radio760online.com\/noticias\/wp-json\/wp\/v2\/pages"}],"about":[{"href":"https:\/\/radio760online.com\/noticias\/wp-json\/wp\/v2\/types\/page"}],"author":[{"embeddable":true,"href":"https:\/\/radio760online.com\/noticias\/wp-json\/wp\/v2\/users\/1"}],"replies":[{"embeddable":true,"href":"https:\/\/radio760online.com\/noticias\/wp-json\/wp\/v2\/comments?post=36"}],"version-history":[{"count":20,"href":"https:\/\/radio760online.com\/noticias\/wp-json\/wp\/v2\/pages\/36\/revisions"}],"predecessor-version":[{"id":128,"href":"https:\/\/radio760online.com\/noticias\/wp-json\/wp\/v2\/pages\/36\/revisions\/128"}],"wp:attachment":[{"href":"https:\/\/radio760online.com\/noticias\/wp-json\/wp\/v2\/media?parent=36"}],"curies":[{"name":"wp","href":"https:\/\/api.w.org\/{rel}","templated":true}]}}